{"id":149487,"date":"2022-02-19T08:07:24","date_gmt":"2022-02-19T07:07:24","guid":{"rendered":"https:\/\/newsestlyonnais.fr\/site\/?page_id=149487"},"modified":"2022-07-19T16:43:09","modified_gmt":"2022-07-19T15:43:09","slug":"dechetteries","status":"publish","type":"page","link":"https:\/\/newsestlyonnais.fr\/site\/dechetteries\/","title":{"rendered":"D\u00e9chetteries"},"content":{"rendered":"<p><span style=\"font-size: 12pt;\"><span style=\"background-color: #000000; color: #ffffff;\"><strong>CALUIRE ET CUIRE<\/strong> &gt;<\/span><\/span> 62 Impasse des Li\u00e8vres \/ T\u00e9l : 04 78 39 30 60<\/p>\n<p><span style=\"background-color: #000000; color: #ffffff; font-size: 12pt;\"><strong><span style=\"background-color: #000000;\">CHAMPAGNE MONT D&rsquo;OR &gt;<span style=\"background-color: #ffffff; color: #ffffff;\">\u00a0 <\/span><\/span><\/strong><\/span>Impasse des Anciennes Vignes \/ T\u00e9l : 04 78 47 56 51<\/p>\n<div class=\"row\">\n<div class=\"col-xs-12 col-sm-10\">\n<p class=\"hidden-xs hidden-sm\"><span style=\"background-color: #000000; color: #ffffff;\"><strong><a href=\"https:\/\/www.grandlyon.com\/decheteries\/decheterie-de-decines-charpieu.html\"><span style=\"background-color: #ffffff; color: #0000ff;\">DECINES-CHARPIEU<\/span><\/a><span style=\"background-color: #ffffff; color: #000000;\"> &gt;<\/span><span style=\"background-color: #ffffff; color: #ffffff;\">\u00a0 <\/span><\/strong><\/span>66 Rue Paul et Marc Barbezat \/ T\u00e9l : 04 78 49 35 04<\/p>\n<\/div>\n<\/div>\n<div class=\"row\">\n<div class=\"col-xs-12 col-sm-10\">\n<p><span style=\"background-color: #000000; color: #ffffff;\"><strong>FEYZIN &gt;<\/strong><\/span> 26 Rue L\u00e9on Blum \/ T\u00e9l : 04 78 70 63 03<\/p>\n<div class=\"col-xs-12 col-sm-10\">\n<p><span style=\"background-color: #000000; color: #ffffff;\"><strong>FRANCHEVILLE &#8211; SAINTE-FOY &gt;<\/strong><\/span> 29 Route de la Gare \u00e0 Francheville \/ T\u00e9l : 04 78 59 04 32<\/p>\n<p><strong><span style=\"color: #0000ff;\"><a style=\"color: #0000ff;\" href=\"https:\/\/www.grandlyon.com\/decheteries\/decheterie-de-genas.html\"><span style=\"background-color: #000000;\"><span style=\"color: #0000ff; background-color: #ffffff;\">GENAS<\/span><\/span><\/a><\/span> <span style=\"color: #000000;\">&gt;<\/span><\/strong> Rue de l&rsquo;Egalit\u00e9 \/ T\u00e9l : 04 78 90 64 03<\/p>\n<div class=\"row\">\n<div class=\"col-xs-12 col-sm-10\">\n<p><span style=\"background-color: #000000; color: #ffffff;\"><strong>GRIGNY &#8211; CHANTELOT &gt;<\/strong><\/span> 28 avenue Chantelot \/ T\u00e9l : 04 78 57 24 05<\/p>\n<\/div>\n<\/div>\n<div class=\"row equipment-detail\" data-lat=\"45.607863\" data-lng=\"4.767547\">\n<div class=\"col-xs-12 col-sm-8\">\n<address><span style=\"background-color: #000000; color: #ffffff;\"><span style=\"background-color: #000000; color: #ffffff;\"><strong>LYON &gt; <\/strong><\/span><\/span><\/address>\n<address>\u00a0<\/address>\n<address>&#8211;\u00a0 <span style=\"background-color: #000000; color: #ffffff;\"><strong>7\u00b0<\/strong> <strong>: Lyon &#8211; Artillerie<\/strong> <\/span>\/ 12 Boulevard de l&rsquo;Artillerie \/ T\u00e9l : 04 72 73 46 57<span style=\"background-color: #000000; color: #ffffff;\"><strong><span style=\"background-color: #ffffff; color: #ffffff;\">a\u00a0<\/span><\/strong><\/span><\/address>\n<\/div>\n<\/div>\n<\/div>\n<\/div>\n<\/div>\n<address>&#8211;\u00a0 <span style=\"background-color: #000000; color: #ffffff;\"><strong>9\u00b0 : Lyon &#8211; Vaise<\/strong><\/span> \/ 82 Avenue Sidoine Apollinaire \/ T\u00e9l : 04 78 47 10 57<\/address>\n<div class=\"row\">\n<div class=\"col-xs-12 col-sm-10\">\n<p class=\"hidden-xs hidden-sm\"><span style=\"background-color: #000000; color: #ffffff;\"><strong>MIONS &#8211; CORBAS &gt;<\/strong><\/span> Boulevard des Nations \u00e0 Mions \/ T\u00e9l : 04 78 21 49 97<\/p>\n<div class=\"row\">\n<div class=\"col-xs-12 col-sm-10\">\n<p class=\"hidden-xs hidden-sm\"><span style=\"color: #ffffff;\"><strong><span style=\"background-color: #000000;\">NEUVILLE &#8211; GENAY &gt; <\/span><\/strong><span style=\"background-color: #ffffff; color: #000000;\">Avenue des Fr\u00e8res Lumi\u00e8re \u00e0 <\/span><\/span>Neuville-sur-Sa\u00f4ne \/ T\u00e9l : 04 72 08 92 75<\/p>\n<div class=\"row\">\n<div class=\"col-xs-12 col-sm-10\">\n<p><span style=\"background-color: #000000; color: #ffffff;\"><strong>PIERRE-BENITE &gt;<\/strong><\/span> Chemin de la Gravi\u00e8re \/ T\u00e9l : 04 37 22 95 39<\/p>\n<div class=\"row\">\n<div class=\"col-xs-12 col-sm-10\">\n<p class=\"hidden-xs hidden-sm\"><span style=\"background-color: #000000; color: #ffffff;\"><strong>RILLIEUX-LA-PAPE &gt;<\/strong><\/span> Route de Fontaines \/ T\u00e9l : 04 78 97 10 30<\/p>\n<div class=\"row\">\n<div class=\"col-xs-12 col-sm-10\">\n<p class=\"hidden-xs hidden-sm\"><span style=\"color: #ffffff; background-color: #000000;\"><strong><span style=\"font-size: 12pt; background-color: #000000;\">SAINT-GENIS-LES-OLLIERES &gt;<\/span><\/strong> <\/span>2 Rue Louis Pradel \/ T\u00e9l : 04 78 57 16 59<\/p>\n<\/div>\n<\/div>\n<\/div>\n<\/div>\n<\/div>\n<\/div>\n<\/div>\n<\/div>\n<\/div>\n<\/div>\n<p><span style=\"background-color: #000000; color: #ffffff;\"><strong>SAINT-PRIEST &gt;<\/strong><\/span> Rue du M\u00e2connais \/ T\u00e9l : 04 78 21 07 43<\/p>\n<p><span style=\"background-color: #000000; color: #ffffff;\"><strong><span id=\"page446R_mcid770\" class=\"markedContent\"><span dir=\"ltr\" role=\"presentation\">SAINT-SYMPHORIEN D\u2019OZON &gt; <\/span><\/span><\/strong><\/span><span id=\"page446R_mcid772\" class=\"markedContent\"><span dir=\"ltr\" role=\"presentation\">1980 route d\u2019Heyrieux, RD 149.<br \/>\n<\/span><\/span><\/p>\n<p><span id=\"page446R_mcid798\" class=\"markedContent\"><span dir=\"ltr\" role=\"presentation\"><span style=\"background-color: #000000; color: #ffffff;\"><strong>SEREZIN-DU-RHONE<\/strong><\/span> &gt; <\/span><\/span><span id=\"page446R_mcid800\" class=\"markedContent\"><span dir=\"ltr\" role=\"presentation\">Chemin des Verch\u00e8res.<\/span><\/span><\/p>\n<p><span id=\"page446R_mcid782\" class=\"markedContent\"><span dir=\"ltr\" role=\"presentation\"><span style=\"background-color: #000000; color: #ffffff;\"><strong>TERNAY<\/strong><\/span> &gt; <\/span><\/span><span id=\"page446R_mcid784\" class=\"markedContent\"><span dir=\"ltr\" role=\"presentation\">87 rue de Chassagne.<\/span><\/span><\/p>\n<div class=\"row\">\n<div class=\"col-xs-12 col-sm-10\">\n<p><span style=\"background-color: #000000; color: #ffffff;\"><strong>VAULX-EN-VELIN &gt;<\/strong><\/span> 15 Rue Pierre Mend\u00e8s France \/ T\u00e9l : 04 78 80 71 39<\/p>\n<\/div>\n<\/div>\n<p><span style=\"background-color: #000000; color: #ffffff; font-size: 12pt;\"><strong><span style=\"background-color: #000000;\">VENISSIEUX &gt;<span style=\"background-color: #ffffff; color: #ffffff;\">\u00a0 <\/span><\/span><\/strong><\/span>Avenue Jean Moulin \/ T\u00e9l : 04 78 70 56 65<\/p>\n<p><span style=\"font-size: 12pt;\"><strong><span style=\"background-color: #000000; color: #ffffff;\">VILLEURBANNE &gt; <\/span><\/strong><\/span><\/p>\n<ul>\n<li><strong><span style=\"text-decoration: underline; color: #ffffff; background-color: #000000;\">Sud<\/span><\/strong> \/ 100 avenue Paul Kruger \/ T\u00e9l : 04 78 54 78 59<\/li>\n<li><span style=\"color: #ffffff; background-color: #000000;\"><strong><span style=\"text-decoration: underline;\">Nord<\/span><\/strong><\/span> \/ rue Alfred-Brinon \/ T\u00e9l : 04 78 84 56 09<\/li>\n<\/ul>\n<hr \/>\n<p><span style=\"background-color: #000000; color: #ffcc00; font-size: 14pt;\"><strong>D\u00e9ch\u00e8terie fluviale de Lyon 5 &gt; <\/strong><\/span>Quai Fulchiron \/ T\u00e9l : 04 78 63 40 00<\/p>\n<hr \/>\n<p><span style=\"background-color: #000000; color: #ffcc00;\"><strong><span style=\"font-size: 14pt;\">D\u00e9ch\u00e8teries mobiles &gt; 9 de proximit\u00e9 &gt; de Septembre 2021 \u00e0 Juin 2022<\/span><br \/>\n<\/strong><\/span><\/p>\n<p><span style=\"background-color: #000000; color: #ffffff;\"><strong>LYON &gt;\u00a0 <\/strong><\/span><\/p>\n<ul>\n<li><strong>1<\/strong> \/ Place Gabriel Rambaud \/ 2\u00b0 vendredi du mois \/ 14 h \u00e0 20 h<\/li>\n<li><strong><span id=\"page63R_mcid228\" class=\"markedContent\"><span dir=\"ltr\" role=\"presentation\">3<\/span><\/span><\/strong> \/ <span id=\"page63R_mcid229\" class=\"markedContent\"><span dir=\"ltr\" role=\"presentation\">Place Bahadourian \/ <span id=\"page63R_mcid213\" class=\"markedContent\">1\u00b0 <\/span><span id=\"page63R_mcid214\" class=\"markedContent\"><\/span><span id=\"page63R_mcid215\" class=\"markedContent\"> samedi<\/span><span id=\"page63R_mcid216\" class=\"markedContent\"> du mois \/ <span id=\"page63R_mcid253\" class=\"markedContent\">10 h \u00e0 16 h<\/span><\/span> <\/span><\/span><\/li>\n<li><strong><span id=\"page63R_mcid249\" class=\"markedContent\"><span dir=\"ltr\" role=\"presentation\">4<\/span><\/span><\/strong> \/ <span id=\"page63R_mcid251\" class=\"markedContent\"><span dir=\"ltr\" role=\"presentation\">Place du Commandant<\/span><\/span><span id=\"page63R_mcid252\" class=\"markedContent\"> <span dir=\"ltr\" role=\"presentation\">Arnaud \/ <span id=\"page63R_mcid233\" class=\"markedContent\">3\u00b0 <\/span><span id=\"page63R_mcid235\" class=\"markedContent\">mercredi<\/span><span id=\"page63R_mcid236\" class=\"markedContent\"><\/span><span id=\"page63R_mcid237\" class=\"markedContent\"> du mois \/ <span id=\"page63R_mcid250\" class=\"markedContent\">14 h \u00e0 20 h<\/span><\/span><\/span><\/span><\/li>\n<li><strong><span id=\"page63R_mcid272\" class=\"markedContent\"><span dir=\"ltr\" role=\"presentation\">6<\/span><\/span><\/strong> \/ <span id=\"page63R_mcid274\" class=\"markedContent\"><span dir=\"ltr\" role=\"presentation\">Place Elmaleh<\/span><\/span> \/ <span id=\"page63R_mcid256\" class=\"markedContent\"><span dir=\"ltr\" role=\"presentation\">1\u00b0 <\/span><\/span><span id=\"page63R_mcid257\" class=\"markedContent\"><\/span><span id=\"page63R_mcid258\" class=\"markedContent\"> <span dir=\"ltr\" role=\"presentation\">mercredi<\/span><\/span><span id=\"page63R_mcid259\" class=\"markedContent\"><\/span><span id=\"page63R_mcid260\" class=\"markedContent\"> <span dir=\"ltr\" role=\"presentation\">du mois \/ <span id=\"page63R_mcid273\" class=\"markedContent\">14 h30 \u00e0 20 h <\/span><\/span><\/span><\/li>\n<li><span id=\"page78R_mcid319\" class=\"markedContent\"><span dir=\"ltr\" role=\"presentation\">7<\/span><\/span><span id=\"page78R_mcid320\" class=\"markedContent\"> \/ <span dir=\"ltr\" role=\"presentation\">Place du Prado \/ <span id=\"page78R_mcid304\" class=\"markedContent\">4\u00b0 <\/span><span id=\"page78R_mcid305\" class=\"markedContent\"><\/span><span id=\"page78R_mcid306\" class=\"markedContent\"> samedi<\/span><span id=\"page78R_mcid307\" class=\"markedContent\"><\/span><span id=\"page78R_mcid308\" class=\"markedContent\"> du mois \/ <span id=\"page78R_mcid321\" class=\"markedContent\">10 h \u00e0 16 h<\/span><\/span><br \/>\n<\/span><\/span><\/li>\n<li><strong><span id=\"page78R_mcid296\" class=\"markedContent\"><span dir=\"ltr\" role=\"presentation\">8 <span id=\"page78R_mcid297\" class=\"markedContent\"> Lumi\u00e8re <\/span><\/span><\/span><\/strong><span id=\"page78R_mcid297\" class=\"markedContent\"><\/span>\/ <span id=\"page78R_mcid299\" class=\"markedContent\"><span dir=\"ltr\" role=\"presentation\">Place Ambroise<\/span><\/span><span id=\"page78R_mcid300\" class=\"markedContent\"> <span dir=\"ltr\" role=\"presentation\">Courtois \/ <span id=\"page78R_mcid298\" class=\"markedContent\">14 h \u00e0 20 h<\/span><\/span><\/span><\/li>\n<\/ul>\n<p><span style=\"background-color: #000000; color: #ffffff;\"><strong>VILLEURBANNE &gt;<\/strong><\/span><\/p>\n<ul>\n<li><span style=\"background-color: #000000; color: #ffffff;\"><strong><span style=\"text-decoration: underline;\">Wilson<\/span><\/strong> <\/span>\/ Place Wilson \/ chaque 2\u00b0 samedi du mois (10 h \u00e0 16 h)<\/li>\n<li><span style=\"background-color: #000000; color: #ffffff;\"><strong><span style=\"text-decoration: underline;\">Gratte-Ciel<\/span><\/strong><\/span> \/ Place Chanoine-Boursier \/ chaque 2\u00b0 mercredi du mois (14 h \u00e0 20 h)<\/li>\n<li><span style=\"text-decoration: underline; background-color: #000000; color: #ffffff;\"><strong>Passementiers<\/strong> <\/span>\/ Place des Passementiers \/ chaque 4\u00b0 vendredi du mois (14 h \u00e0 20 h)<\/li>\n<\/ul>\n<hr \/>\n<p><span style=\"background-color: #000000; color: #ffcc00;\"><strong><span style=\"font-size: 18pt; background-color: #000000;\">AIN : <\/span><\/strong><\/span><strong>Communaut\u00e9 de Communes <\/strong><\/p>\n<ul>\n<li><strong>\u00a0<span style=\"background-color: #000000; color: #ffffff;\">la C\u00f4ti\u00e8re<\/span> \u00e0 Montluel<\/strong> &gt; 3CM \/ ZAC CAP &amp; CO &#8211; 485 rue des valets \/ Montluel \/ T\u00e9l : 04 78 06 39 37<\/li>\n<li><span style=\"background-color: #000000; color: #ffffff;\"><strong><span dir=\"ltr\" role=\"presentation\">de Miribel et du Plateau <\/span><\/strong><\/span><span dir=\"ltr\" role=\"presentation\">\/ <\/span><span dir=\"ltr\" role=\"presentation\">Zone industrielle de la Tuilli\u00e8re \u00e0 Miribel<br \/>\n<\/span><\/li>\n<\/ul>\n<hr \/>\n<p><strong><span style=\"font-size: 18pt; background-color: #000000; color: #ffcc00;\">ISERE :<\/span><\/strong><\/p>\n<p><span style=\"background-color: #000000; color: #ffffff;\"><strong>Nord-Dauphin\u00e9 :<\/strong><\/span><\/p>\n<ul>\n<li><strong>HEYRIEUX<\/strong> \/ 1180, Chemin de Rajat \/ T\u00e9l. 04 78 40 03 30<\/li>\n<li>\n<div class=\"elementor-element elementor-element-e009b6d elementor-widget elementor-widget-heading\" data-id=\"e009b6d\" data-element_type=\"widget\" data-widget_type=\"heading.default\">\n<div class=\"elementor-widget-container\">\n<div class=\"elementor-heading-title elementor-size-default\"><strong>BOURGOIN-JALLIEU<\/strong> \/ 3, Rue du Pont Rouge \/ T\u00e9l. 04 37 03 37 04<\/div>\n<div>\n<hr \/>\n<\/div>\n<\/div>\n<\/div>\n<\/li>\n<\/ul>\n","protected":false},"excerpt":{"rendered":"<p>CALUIRE ET CUIRE &gt; 62 Impasse des Li\u00e8vres \/ T\u00e9l : 04 78 39 30 60 CHAMPAGNE MONT D&rsquo;OR &gt;\u00a0 Impasse des Anciennes Vignes \/ T\u00e9l : 04 78 47 56 51 DECINES-CHARPIEU &gt;\u00a0 66 Rue Paul et Marc Barbezat \/ T\u00e9l : 04 78 49 35 04 FEYZIN &gt; 26 Rue L\u00e9on Blum \/ [&hellip;]<\/p>\n","protected":false},"author":4,"featured_media":0,"parent":0,"menu_order":0,"comment_status":"closed","ping_status":"closed","template":"","meta":{"footnotes":""},"class_list":["post-149487","page","type-page","status-publish","hentry"],"yoast_head":"<!-- This site is optimized with the Yoast SEO plugin v27.2 - https:\/\/yoast.com\/product\/yoast-seo-wordpress\/ -->\n<title>D\u00e9chetteries - News Est Lyonnais<\/title>\n<meta name=\"description\" content=\"Les d\u00e9chetteries\" \/>\n<meta name=\"robots\" content=\"index, follow, max-snippet:-1, max-image-preview:large, max-video-preview:-1\" \/>\n<link rel=\"canonical\" href=\"https:\/\/newsestlyonnais.fr\/site\/dechetteries\/\" \/>\n<meta property=\"og:locale\" content=\"fr_FR\" \/>\n<meta property=\"og:type\" content=\"article\" \/>\n<meta property=\"og:title\" content=\"D\u00e9chetteries - News Est Lyonnais\" \/>\n<meta property=\"og:description\" content=\"Les d\u00e9chetteries\" \/>\n<meta property=\"og:url\" content=\"https:\/\/newsestlyonnais.fr\/site\/dechetteries\/\" \/>\n<meta property=\"og:site_name\" content=\"News Est Lyonnais\" \/>\n<meta property=\"article:modified_time\" content=\"2022-07-19T15:43:09+00:00\" \/>\n<meta name=\"twitter:card\" content=\"summary_large_image\" \/>\n<meta name=\"twitter:label1\" content=\"Dur\u00e9e de lecture estim\u00e9e\" \/>\n\t<meta name=\"twitter:data1\" content=\"3 minutes\" \/>\n<script type=\"application\/ld+json\" class=\"yoast-schema-graph\">{\"@context\":\"https:\/\/schema.org\",\"@graph\":[{\"@type\":\"WebPage\",\"@id\":\"https:\/\/newsestlyonnais.fr\/site\/dechetteries\/\",\"url\":\"https:\/\/newsestlyonnais.fr\/site\/dechetteries\/\",\"name\":\"D\u00e9chetteries - News Est Lyonnais\",\"isPartOf\":{\"@id\":\"https:\/\/newsestlyonnais.fr\/site\/#website\"},\"datePublished\":\"2022-02-19T07:07:24+00:00\",\"dateModified\":\"2022-07-19T15:43:09+00:00\",\"description\":\"Les d\u00e9chetteries\",\"breadcrumb\":{\"@id\":\"https:\/\/newsestlyonnais.fr\/site\/dechetteries\/#breadcrumb\"},\"inLanguage\":\"fr-FR\",\"potentialAction\":[{\"@type\":\"ReadAction\",\"target\":[\"https:\/\/newsestlyonnais.fr\/site\/dechetteries\/\"]}]},{\"@type\":\"BreadcrumbList\",\"@id\":\"https:\/\/newsestlyonnais.fr\/site\/dechetteries\/#breadcrumb\",\"itemListElement\":[{\"@type\":\"ListItem\",\"position\":1,\"name\":\"Accueil\",\"item\":\"https:\/\/newsestlyonnais.fr\/site\/\"},{\"@type\":\"ListItem\",\"position\":2,\"name\":\"D\u00e9chetteries\"}]},{\"@type\":\"WebSite\",\"@id\":\"https:\/\/newsestlyonnais.fr\/site\/#website\",\"url\":\"https:\/\/newsestlyonnais.fr\/site\/\",\"name\":\"News Est Lyonnais\",\"description\":\"L&#039;actualit\u00e9 au plus pr\u00e8s\",\"publisher\":{\"@id\":\"https:\/\/newsestlyonnais.fr\/site\/#organization\"},\"potentialAction\":[{\"@type\":\"SearchAction\",\"target\":{\"@type\":\"EntryPoint\",\"urlTemplate\":\"https:\/\/newsestlyonnais.fr\/site\/?s={search_term_string}\"},\"query-input\":{\"@type\":\"PropertyValueSpecification\",\"valueRequired\":true,\"valueName\":\"search_term_string\"}}],\"inLanguage\":\"fr-FR\"},{\"@type\":\"Organization\",\"@id\":\"https:\/\/newsestlyonnais.fr\/site\/#organization\",\"name\":\"News EST LYONNAIS\",\"url\":\"https:\/\/newsestlyonnais.fr\/site\/\",\"logo\":{\"@type\":\"ImageObject\",\"inLanguage\":\"fr-FR\",\"@id\":\"https:\/\/newsestlyonnais.fr\/site\/#\/schema\/logo\/image\/\",\"url\":\"\",\"contentUrl\":\"\",\"caption\":\"News EST LYONNAIS\"},\"image\":{\"@id\":\"https:\/\/newsestlyonnais.fr\/site\/#\/schema\/logo\/image\/\"}}]}<\/script>\n<!-- \/ Yoast SEO plugin. -->","yoast_head_json":{"title":"D\u00e9chetteries - News Est Lyonnais","description":"Les d\u00e9chetteries","robots":{"index":"index","follow":"follow","max-snippet":"max-snippet:-1","max-image-preview":"max-image-preview:large","max-video-preview":"max-video-preview:-1"},"canonical":"https:\/\/newsestlyonnais.fr\/site\/dechetteries\/","og_locale":"fr_FR","og_type":"article","og_title":"D\u00e9chetteries - News Est Lyonnais","og_description":"Les d\u00e9chetteries","og_url":"https:\/\/newsestlyonnais.fr\/site\/dechetteries\/","og_site_name":"News Est Lyonnais","article_modified_time":"2022-07-19T15:43:09+00:00","twitter_card":"summary_large_image","twitter_misc":{"Dur\u00e9e de lecture estim\u00e9e":"3 minutes"},"schema":{"@context":"https:\/\/schema.org","@graph":[{"@type":"WebPage","@id":"https:\/\/newsestlyonnais.fr\/site\/dechetteries\/","url":"https:\/\/newsestlyonnais.fr\/site\/dechetteries\/","name":"D\u00e9chetteries - News Est Lyonnais","isPartOf":{"@id":"https:\/\/newsestlyonnais.fr\/site\/#website"},"datePublished":"2022-02-19T07:07:24+00:00","dateModified":"2022-07-19T15:43:09+00:00","description":"Les d\u00e9chetteries","breadcrumb":{"@id":"https:\/\/newsestlyonnais.fr\/site\/dechetteries\/#breadcrumb"},"inLanguage":"fr-FR","potentialAction":[{"@type":"ReadAction","target":["https:\/\/newsestlyonnais.fr\/site\/dechetteries\/"]}]},{"@type":"BreadcrumbList","@id":"https:\/\/newsestlyonnais.fr\/site\/dechetteries\/#breadcrumb","itemListElement":[{"@type":"ListItem","position":1,"name":"Accueil","item":"https:\/\/newsestlyonnais.fr\/site\/"},{"@type":"ListItem","position":2,"name":"D\u00e9chetteries"}]},{"@type":"WebSite","@id":"https:\/\/newsestlyonnais.fr\/site\/#website","url":"https:\/\/newsestlyonnais.fr\/site\/","name":"News Est Lyonnais","description":"L&#039;actualit\u00e9 au plus pr\u00e8s","publisher":{"@id":"https:\/\/newsestlyonnais.fr\/site\/#organization"},"potentialAction":[{"@type":"SearchAction","target":{"@type":"EntryPoint","urlTemplate":"https:\/\/newsestlyonnais.fr\/site\/?s={search_term_string}"},"query-input":{"@type":"PropertyValueSpecification","valueRequired":true,"valueName":"search_term_string"}}],"inLanguage":"fr-FR"},{"@type":"Organization","@id":"https:\/\/newsestlyonnais.fr\/site\/#organization","name":"News EST LYONNAIS","url":"https:\/\/newsestlyonnais.fr\/site\/","logo":{"@type":"ImageObject","inLanguage":"fr-FR","@id":"https:\/\/newsestlyonnais.fr\/site\/#\/schema\/logo\/image\/","url":"","contentUrl":"","caption":"News EST LYONNAIS"},"image":{"@id":"https:\/\/newsestlyonnais.fr\/site\/#\/schema\/logo\/image\/"}}]}},"_links":{"self":[{"href":"https:\/\/newsestlyonnais.fr\/site\/wp-json\/wp\/v2\/pages\/149487","targetHints":{"allow":["GET"]}}],"collection":[{"href":"https:\/\/newsestlyonnais.fr\/site\/wp-json\/wp\/v2\/pages"}],"about":[{"href":"https:\/\/newsestlyonnais.fr\/site\/wp-json\/wp\/v2\/types\/page"}],"author":[{"embeddable":true,"href":"https:\/\/newsestlyonnais.fr\/site\/wp-json\/wp\/v2\/users\/4"}],"replies":[{"embeddable":true,"href":"https:\/\/newsestlyonnais.fr\/site\/wp-json\/wp\/v2\/comments?post=149487"}],"version-history":[{"count":0,"href":"https:\/\/newsestlyonnais.fr\/site\/wp-json\/wp\/v2\/pages\/149487\/revisions"}],"wp:attachment":[{"href":"https:\/\/newsestlyonnais.fr\/site\/wp-json\/wp\/v2\/media?parent=149487"}],"curies":[{"name":"wp","href":"https:\/\/api.w.org\/{rel}","templated":true}]}}