{"id":25796,"date":"2017-05-03T16:30:43","date_gmt":"2017-05-03T15:30:43","guid":{"rendered":"http:\/\/newsestlyonnais.fr\/site\/?page_id=25796"},"modified":"2017-05-03T16:30:43","modified_gmt":"2017-05-03T15:30:43","slug":"services-bandeaux-pub","status":"publish","type":"page","link":"https:\/\/newsestlyonnais.fr\/site\/services-bandeaux-pub\/","title":{"rendered":"Services : Bandeaux PUB"},"content":{"rendered":"<p><span style=\"font-size: 14pt;\">Vous souhaitez louer un espace publicitaire sur le site (1\u00b0 page \u00e0 droite) ou sur une page enti\u00e8re ou une cat\u00e9gorie, demander tarifs et conditions \u00e0: <a href=\"https:\/\/newsestlyonnais.fr\/site\/contactez-nous\/\">contact@newsestlyonnais.fr<\/a><\/span><\/p>\n","protected":false},"excerpt":{"rendered":"<p>Vous souhaitez louer un espace publicitaire sur le site (1\u00b0 page \u00e0 droite) ou sur une page enti\u00e8re ou une cat\u00e9gorie, demander tarifs et conditions \u00e0: contact@newsestlyonnais.fr<\/p>\n","protected":false},"author":6,"featured_media":0,"parent":0,"menu_order":0,"comment_status":"closed","ping_status":"closed","template":"page_fullwidth.php","meta":{"footnotes":""},"class_list":["post-25796","page","type-page","status-publish","hentry"],"yoast_head":"<!-- This site is optimized with the Yoast SEO plugin v27.2 - https:\/\/yoast.com\/product\/yoast-seo-wordpress\/ -->\n<title>Services : Bandeaux PUB - News Est Lyonnais<\/title>\n<meta name=\"robots\" content=\"index, follow, max-snippet:-1, max-image-preview:large, max-video-preview:-1\" \/>\n<link rel=\"canonical\" href=\"https:\/\/newsestlyonnais.fr\/site\/services-bandeaux-pub\/\" \/>\n<meta property=\"og:locale\" content=\"fr_FR\" \/>\n<meta property=\"og:type\" content=\"article\" \/>\n<meta property=\"og:title\" content=\"Services : Bandeaux PUB - News Est Lyonnais\" \/>\n<meta property=\"og:description\" content=\"Vous souhaitez louer un espace publicitaire sur le site (1\u00b0 page \u00e0 droite) ou sur une page enti\u00e8re ou une cat\u00e9gorie, demander tarifs et conditions \u00e0: contact@newsestlyonnais.fr\" \/>\n<meta property=\"og:url\" content=\"https:\/\/newsestlyonnais.fr\/site\/services-bandeaux-pub\/\" \/>\n<meta property=\"og:site_name\" content=\"News Est Lyonnais\" \/>\n<meta name=\"twitter:card\" content=\"summary_large_image\" \/>\n<script type=\"application\/ld+json\" class=\"yoast-schema-graph\">{\"@context\":\"https:\/\/schema.org\",\"@graph\":[{\"@type\":\"WebPage\",\"@id\":\"https:\/\/newsestlyonnais.fr\/site\/services-bandeaux-pub\/\",\"url\":\"https:\/\/newsestlyonnais.fr\/site\/services-bandeaux-pub\/\",\"name\":\"Services : Bandeaux PUB - News Est Lyonnais\",\"isPartOf\":{\"@id\":\"https:\/\/newsestlyonnais.fr\/site\/#website\"},\"datePublished\":\"2017-05-03T15:30:43+00:00\",\"breadcrumb\":{\"@id\":\"https:\/\/newsestlyonnais.fr\/site\/services-bandeaux-pub\/#breadcrumb\"},\"inLanguage\":\"fr-FR\",\"potentialAction\":[{\"@type\":\"ReadAction\",\"target\":[\"https:\/\/newsestlyonnais.fr\/site\/services-bandeaux-pub\/\"]}]},{\"@type\":\"BreadcrumbList\",\"@id\":\"https:\/\/newsestlyonnais.fr\/site\/services-bandeaux-pub\/#breadcrumb\",\"itemListElement\":[{\"@type\":\"ListItem\",\"position\":1,\"name\":\"Accueil\",\"item\":\"https:\/\/newsestlyonnais.fr\/site\/\"},{\"@type\":\"ListItem\",\"position\":2,\"name\":\"Services : Bandeaux PUB\"}]},{\"@type\":\"WebSite\",\"@id\":\"https:\/\/newsestlyonnais.fr\/site\/#website\",\"url\":\"https:\/\/newsestlyonnais.fr\/site\/\",\"name\":\"News Est Lyonnais\",\"description\":\"Votre quotidien, notre priorit\u00e9\",\"publisher\":{\"@id\":\"https:\/\/newsestlyonnais.fr\/site\/#organization\"},\"potentialAction\":[{\"@type\":\"SearchAction\",\"target\":{\"@type\":\"EntryPoint\",\"urlTemplate\":\"https:\/\/newsestlyonnais.fr\/site\/?s={search_term_string}\"},\"query-input\":{\"@type\":\"PropertyValueSpecification\",\"valueRequired\":true,\"valueName\":\"search_term_string\"}}],\"inLanguage\":\"fr-FR\"},{\"@type\":\"Organization\",\"@id\":\"https:\/\/newsestlyonnais.fr\/site\/#organization\",\"name\":\"News EST LYONNAIS\",\"url\":\"https:\/\/newsestlyonnais.fr\/site\/\",\"logo\":{\"@type\":\"ImageObject\",\"inLanguage\":\"fr-FR\",\"@id\":\"https:\/\/newsestlyonnais.fr\/site\/#\/schema\/logo\/image\/\",\"url\":\"\",\"contentUrl\":\"\",\"caption\":\"News EST LYONNAIS\"},\"image\":{\"@id\":\"https:\/\/newsestlyonnais.fr\/site\/#\/schema\/logo\/image\/\"}}]}<\/script>\n<!-- \/ Yoast SEO plugin. -->","yoast_head_json":{"title":"Services : Bandeaux PUB - News Est Lyonnais","robots":{"index":"index","follow":"follow","max-snippet":"max-snippet:-1","max-image-preview":"max-image-preview:large","max-video-preview":"max-video-preview:-1"},"canonical":"https:\/\/newsestlyonnais.fr\/site\/services-bandeaux-pub\/","og_locale":"fr_FR","og_type":"article","og_title":"Services : Bandeaux PUB - News Est Lyonnais","og_description":"Vous souhaitez louer un espace publicitaire sur le site (1\u00b0 page \u00e0 droite) ou sur une page enti\u00e8re ou une cat\u00e9gorie, demander tarifs et conditions \u00e0: contact@newsestlyonnais.fr","og_url":"https:\/\/newsestlyonnais.fr\/site\/services-bandeaux-pub\/","og_site_name":"News Est Lyonnais","twitter_card":"summary_large_image","schema":{"@context":"https:\/\/schema.org","@graph":[{"@type":"WebPage","@id":"https:\/\/newsestlyonnais.fr\/site\/services-bandeaux-pub\/","url":"https:\/\/newsestlyonnais.fr\/site\/services-bandeaux-pub\/","name":"Services : Bandeaux PUB - News Est Lyonnais","isPartOf":{"@id":"https:\/\/newsestlyonnais.fr\/site\/#website"},"datePublished":"2017-05-03T15:30:43+00:00","breadcrumb":{"@id":"https:\/\/newsestlyonnais.fr\/site\/services-bandeaux-pub\/#breadcrumb"},"inLanguage":"fr-FR","potentialAction":[{"@type":"ReadAction","target":["https:\/\/newsestlyonnais.fr\/site\/services-bandeaux-pub\/"]}]},{"@type":"BreadcrumbList","@id":"https:\/\/newsestlyonnais.fr\/site\/services-bandeaux-pub\/#breadcrumb","itemListElement":[{"@type":"ListItem","position":1,"name":"Accueil","item":"https:\/\/newsestlyonnais.fr\/site\/"},{"@type":"ListItem","position":2,"name":"Services : Bandeaux PUB"}]},{"@type":"WebSite","@id":"https:\/\/newsestlyonnais.fr\/site\/#website","url":"https:\/\/newsestlyonnais.fr\/site\/","name":"News Est Lyonnais","description":"Votre quotidien, notre priorit\u00e9","publisher":{"@id":"https:\/\/newsestlyonnais.fr\/site\/#organization"},"potentialAction":[{"@type":"SearchAction","target":{"@type":"EntryPoint","urlTemplate":"https:\/\/newsestlyonnais.fr\/site\/?s={search_term_string}"},"query-input":{"@type":"PropertyValueSpecification","valueRequired":true,"valueName":"search_term_string"}}],"inLanguage":"fr-FR"},{"@type":"Organization","@id":"https:\/\/newsestlyonnais.fr\/site\/#organization","name":"News EST LYONNAIS","url":"https:\/\/newsestlyonnais.fr\/site\/","logo":{"@type":"ImageObject","inLanguage":"fr-FR","@id":"https:\/\/newsestlyonnais.fr\/site\/#\/schema\/logo\/image\/","url":"","contentUrl":"","caption":"News EST LYONNAIS"},"image":{"@id":"https:\/\/newsestlyonnais.fr\/site\/#\/schema\/logo\/image\/"}}]}},"_links":{"self":[{"href":"https:\/\/newsestlyonnais.fr\/site\/wp-json\/wp\/v2\/pages\/25796","targetHints":{"allow":["GET"]}}],"collection":[{"href":"https:\/\/newsestlyonnais.fr\/site\/wp-json\/wp\/v2\/pages"}],"about":[{"href":"https:\/\/newsestlyonnais.fr\/site\/wp-json\/wp\/v2\/types\/page"}],"author":[{"embeddable":true,"href":"https:\/\/newsestlyonnais.fr\/site\/wp-json\/wp\/v2\/users\/6"}],"replies":[{"embeddable":true,"href":"https:\/\/newsestlyonnais.fr\/site\/wp-json\/wp\/v2\/comments?post=25796"}],"version-history":[{"count":0,"href":"https:\/\/newsestlyonnais.fr\/site\/wp-json\/wp\/v2\/pages\/25796\/revisions"}],"wp:attachment":[{"href":"https:\/\/newsestlyonnais.fr\/site\/wp-json\/wp\/v2\/media?parent=25796"}],"curies":[{"name":"wp","href":"https:\/\/api.w.org\/{rel}","templated":true}]}}