{"id":345,"date":"2015-12-05T15:09:09","date_gmt":"2015-12-05T14:09:09","guid":{"rendered":"http:\/\/newsestlyonnais.fr\/site\/?page_id=345"},"modified":"2015-12-05T15:09:09","modified_gmt":"2015-12-05T14:09:09","slug":"les-cookies-et-leur-utilisation-sur-ce-site","status":"publish","type":"page","link":"https:\/\/newsestlyonnais.fr\/site\/les-cookies-et-leur-utilisation-sur-ce-site\/","title":{"rendered":"Les cookies et leur utilisation sur ce site"},"content":{"rendered":"<h1 class=\"page-title\">Cookies et vie priv\u00e9e<\/h1>\n<h4>En application de la directive europ\u00e9enne dite \u201d Paquet T\u00e9l\u00e9com \u201c, les internautes doivent \u00eatre inform\u00e9s et donner leur consentement pr\u00e9alablement \u00e0 l\u2019insertion de traceurs. Ils doivent disposer d\u2019une possibilit\u00e9 de choisir de ne pas \u00eatre trac\u00e9s lorsqu\u2019ils visitent un site ou utilisent une application. Les \u00e9diteurs ont donc l\u2019obligation de solliciter au pr\u00e9alable le consentement des utilisateurs. Ce consentement est valable 13 mois maximum. Certains traceurs sont cependant dispens\u00e9s du recueil de ce consentement.<\/h4>\n<h2>Cadre juridique applicable<\/h2>\n<p>En modifiant l\u2019article 5(3) de la directive 2002\/58\/CE par l\u2019adoption de la directive 2009\/136\/CE, le l\u00e9gislateur europ\u00e9en a pos\u00e9 le principe :<br \/>\nd\u2019un consentement pr\u00e9alable de l\u2019utilisateur avant le stockage d\u2019informations sur l\u2019\u00e9quipement d\u2019un utilisateur ou l\u2019acc\u00e8s \u00e0 des informations d\u00e9j\u00e0 stock\u00e9es.<br \/>\nsauf, si ces actions sont strictement n\u00e9cessaires pour la d\u00e9livrance d\u2019un service de la soci\u00e9t\u00e9 de l\u2019information express\u00e9ment demand\u00e9 par l\u2019abonn\u00e9 ou l\u2019utilisateur.<\/p>\n<p>L\u2019article 32-II de la loi du 6 janvier 1978, modifi\u00e9 par l\u2019ordonnance n\u00b02011-1012 du 24 ao\u00fbt 2011 qui a transpos\u00e9 la directive 2009\/136\/CE reprend ce principe.<br \/>\nEn application de la loi informatique et libert\u00e9s, les traceurs (cookies ou autres) n\u00e9cessitant un recueil du consentement ne peuvent donc \u00eatre d\u00e9pos\u00e9s ou lus sur son terminal, tant que la personne n\u2019a pas donn\u00e9 son consentement.<\/p>\n<h2>Terme de \u00ab cookies \u00bb ou de \u00ab traceurs \u00bb<\/h2>\n<p>Sont concern\u00e9s les traceurs d\u00e9pos\u00e9s et lus par exemple lors de la consultation d\u2019un site internet, de la lecture d\u2019un courrier \u00e9lectronique, de l\u2019installation ou de l\u2019utilisation d\u2019un logiciel ou d\u2019une application mobile et ce, quel que soit le type de terminal utilis\u00e9 tels qu\u2019un ordinateur, un Smartphone, une liseuse num\u00e9rique et une console de jeux vid\u00e9os connect\u00e9e \u00e0 Internet. S\u2019ils r\u00e9pondent \u00e0 certaines conditions, certains traceurs d\u00e9rogent \u00e0 cette obligation<\/p>\n<p>A ce titre, le terme de \u201ccookie\u201d recouvre par exemple :<\/p>\n<ul>\n<li>les cookies HTTP<\/li>\n<li>les cookies \u201cflash\u201d,<\/li>\n<li>le r\u00e9sultat du calcul d\u2019empreinte dans le cas du \u201d fingerprinting \u201d (calcul d\u2019un identifiant unique de la machine bas\u00e9e sur des \u00e9l\u00e9ments de sa configuration \u00e0 des fins de tra\u00e7age),<\/li>\n<li>les pixels invisibles ou \u201d web bugs \u201c,<\/li>\n<li>tout autre identifiant g\u00e9n\u00e9r\u00e9 par un logiciel ou un syst\u00e8me d\u2019exploitation, par exemple.<\/li>\n<\/ul>\n<p>Ces obligations s\u2019appliquent que les cookies collectent des donn\u00e9es \u00e0 caract\u00e8re personnel ou non.<\/p>\n<h2>Comment recueillir valablement votre consentement?<\/h2>\n<p>Le consentement doit \u00eatre pr\u00e9alable \u00e0 l\u2019insertion ou \u00e0 la lecture de cookies<\/p>\n<p>Tant que la personne n\u2019a pas donn\u00e9 son consentement, ces cookies ne peuvent \u00eatre d\u00e9pos\u00e9s ou lus sur son terminal.<br \/>\nIl doit \u00eatre requis \u00e0 chaque fois qu\u2019une nouvelle finalit\u00e9 vient s\u2019ajouter aux finalit\u00e9s initialement pr\u00e9vues.<\/p>\n<p>Le consentement est une manifestation de volont\u00e9, libre, sp\u00e9cifique et inform\u00e9e : La validit\u00e9 du consentement est donc li\u00e9e \u00e0 la qualit\u00e9 de l\u2019information re\u00e7ue.<\/p>\n<ul>\n<li>L\u2019information doit \u00eatre visible, mise en \u00e9vidence et compl\u00e8te.<\/li>\n<li>Elle doit \u00eatre r\u00e9dig\u00e9e en des termes simples et compr\u00e9hensibles pour tout utilisateur.<\/li>\n<li>Elle doit permettre aux internautes d\u2019\u00eatre parfaitement inform\u00e9s des diff\u00e9rentes finalit\u00e9s des cookies.<\/li>\n<\/ul>\n<p>Le consentement n\u2019est valide que si la personne exerce un choix r\u00e9el.<\/p>\n<p>L\u2019utilisateur doit pouvoir accepter ou refuser le d\u00e9p\u00f4t des cookies.<br \/>\nLe consentement ne peut \u00eatre valable que si la personne concern\u00e9e est en mesure d\u2019exercer valablement son choix et n\u2019est pas expos\u00e9e \u00e0 des cons\u00e9quences n\u00e9gatives importantes si elle refuse de donner son consentement. La personne qui refuse un cookie n\u00e9cessitant un consentement doit pouvoir continuer \u00e0 b\u00e9n\u00e9ficier du service (l\u2019acc\u00e8s \u00e0 un site internet par exemple).<br \/>\nLe choix doit pouvoir \u00eatre effectu\u00e9 pour chaque application et chaque site internet.<\/p>\n","protected":false},"excerpt":{"rendered":"<p>Cookies et vie priv\u00e9e En application de la directive europ\u00e9enne dite \u201d Paquet T\u00e9l\u00e9com \u201c, les internautes doivent \u00eatre inform\u00e9s et donner leur consentement pr\u00e9alablement \u00e0 l\u2019insertion de traceurs. Ils doivent disposer d\u2019une possibilit\u00e9 de choisir de ne pas \u00eatre trac\u00e9s lorsqu\u2019ils visitent un site ou utilisent une application. Les \u00e9diteurs ont donc l\u2019obligation de [&hellip;]<\/p>\n","protected":false},"author":3,"featured_media":0,"parent":0,"menu_order":0,"comment_status":"closed","ping_status":"closed","template":"","meta":{"footnotes":""},"class_list":["post-345","page","type-page","status-publish","hentry"],"yoast_head":"<!-- This site is optimized with the Yoast SEO plugin v27.2 - https:\/\/yoast.com\/product\/yoast-seo-wordpress\/ -->\n<title>Les cookies et leur utilisation sur ce site - News Est Lyonnais<\/title>\n<meta name=\"robots\" content=\"index, follow, max-snippet:-1, max-image-preview:large, max-video-preview:-1\" \/>\n<link rel=\"canonical\" href=\"https:\/\/newsestlyonnais.fr\/site\/les-cookies-et-leur-utilisation-sur-ce-site\/\" \/>\n<meta property=\"og:locale\" content=\"fr_FR\" \/>\n<meta property=\"og:type\" content=\"article\" \/>\n<meta property=\"og:title\" content=\"Les cookies et leur utilisation sur ce site - News Est Lyonnais\" \/>\n<meta property=\"og:description\" content=\"Cookies et vie priv\u00e9e En application de la directive europ\u00e9enne dite \u201d Paquet T\u00e9l\u00e9com \u201c, les internautes doivent \u00eatre inform\u00e9s et donner leur consentement pr\u00e9alablement \u00e0 l\u2019insertion de traceurs. Ils doivent disposer d\u2019une possibilit\u00e9 de choisir de ne pas \u00eatre trac\u00e9s lorsqu\u2019ils visitent un site ou utilisent une application. Les \u00e9diteurs ont donc l\u2019obligation de [&hellip;]\" \/>\n<meta property=\"og:url\" content=\"https:\/\/newsestlyonnais.fr\/site\/les-cookies-et-leur-utilisation-sur-ce-site\/\" \/>\n<meta property=\"og:site_name\" content=\"News Est Lyonnais\" \/>\n<meta name=\"twitter:card\" content=\"summary_large_image\" \/>\n<meta name=\"twitter:label1\" content=\"Dur\u00e9e de lecture estim\u00e9e\" \/>\n\t<meta name=\"twitter:data1\" content=\"3 minutes\" \/>\n<script type=\"application\/ld+json\" class=\"yoast-schema-graph\">{\"@context\":\"https:\/\/schema.org\",\"@graph\":[{\"@type\":\"WebPage\",\"@id\":\"https:\/\/newsestlyonnais.fr\/site\/les-cookies-et-leur-utilisation-sur-ce-site\/\",\"url\":\"https:\/\/newsestlyonnais.fr\/site\/les-cookies-et-leur-utilisation-sur-ce-site\/\",\"name\":\"Les cookies et leur utilisation sur ce site - News Est Lyonnais\",\"isPartOf\":{\"@id\":\"https:\/\/newsestlyonnais.fr\/site\/#website\"},\"datePublished\":\"2015-12-05T14:09:09+00:00\",\"breadcrumb\":{\"@id\":\"https:\/\/newsestlyonnais.fr\/site\/les-cookies-et-leur-utilisation-sur-ce-site\/#breadcrumb\"},\"inLanguage\":\"fr-FR\",\"potentialAction\":[{\"@type\":\"ReadAction\",\"target\":[\"https:\/\/newsestlyonnais.fr\/site\/les-cookies-et-leur-utilisation-sur-ce-site\/\"]}]},{\"@type\":\"BreadcrumbList\",\"@id\":\"https:\/\/newsestlyonnais.fr\/site\/les-cookies-et-leur-utilisation-sur-ce-site\/#breadcrumb\",\"itemListElement\":[{\"@type\":\"ListItem\",\"position\":1,\"name\":\"Accueil\",\"item\":\"https:\/\/newsestlyonnais.fr\/site\/\"},{\"@type\":\"ListItem\",\"position\":2,\"name\":\"Les cookies et leur utilisation sur ce site\"}]},{\"@type\":\"WebSite\",\"@id\":\"https:\/\/newsestlyonnais.fr\/site\/#website\",\"url\":\"https:\/\/newsestlyonnais.fr\/site\/\",\"name\":\"News Est Lyonnais\",\"description\":\"L&#039;actualit\u00e9 au plus pr\u00e8s\",\"publisher\":{\"@id\":\"https:\/\/newsestlyonnais.fr\/site\/#organization\"},\"potentialAction\":[{\"@type\":\"SearchAction\",\"target\":{\"@type\":\"EntryPoint\",\"urlTemplate\":\"https:\/\/newsestlyonnais.fr\/site\/?s={search_term_string}\"},\"query-input\":{\"@type\":\"PropertyValueSpecification\",\"valueRequired\":true,\"valueName\":\"search_term_string\"}}],\"inLanguage\":\"fr-FR\"},{\"@type\":\"Organization\",\"@id\":\"https:\/\/newsestlyonnais.fr\/site\/#organization\",\"name\":\"News EST LYONNAIS\",\"url\":\"https:\/\/newsestlyonnais.fr\/site\/\",\"logo\":{\"@type\":\"ImageObject\",\"inLanguage\":\"fr-FR\",\"@id\":\"https:\/\/newsestlyonnais.fr\/site\/#\/schema\/logo\/image\/\",\"url\":\"\",\"contentUrl\":\"\",\"caption\":\"News EST LYONNAIS\"},\"image\":{\"@id\":\"https:\/\/newsestlyonnais.fr\/site\/#\/schema\/logo\/image\/\"}}]}<\/script>\n<!-- \/ Yoast SEO plugin. -->","yoast_head_json":{"title":"Les cookies et leur utilisation sur ce site - News Est Lyonnais","robots":{"index":"index","follow":"follow","max-snippet":"max-snippet:-1","max-image-preview":"max-image-preview:large","max-video-preview":"max-video-preview:-1"},"canonical":"https:\/\/newsestlyonnais.fr\/site\/les-cookies-et-leur-utilisation-sur-ce-site\/","og_locale":"fr_FR","og_type":"article","og_title":"Les cookies et leur utilisation sur ce site - News Est Lyonnais","og_description":"Cookies et vie priv\u00e9e En application de la directive europ\u00e9enne dite \u201d Paquet T\u00e9l\u00e9com \u201c, les internautes doivent \u00eatre inform\u00e9s et donner leur consentement pr\u00e9alablement \u00e0 l\u2019insertion de traceurs. Ils doivent disposer d\u2019une possibilit\u00e9 de choisir de ne pas \u00eatre trac\u00e9s lorsqu\u2019ils visitent un site ou utilisent une application. Les \u00e9diteurs ont donc l\u2019obligation de [&hellip;]","og_url":"https:\/\/newsestlyonnais.fr\/site\/les-cookies-et-leur-utilisation-sur-ce-site\/","og_site_name":"News Est Lyonnais","twitter_card":"summary_large_image","twitter_misc":{"Dur\u00e9e de lecture estim\u00e9e":"3 minutes"},"schema":{"@context":"https:\/\/schema.org","@graph":[{"@type":"WebPage","@id":"https:\/\/newsestlyonnais.fr\/site\/les-cookies-et-leur-utilisation-sur-ce-site\/","url":"https:\/\/newsestlyonnais.fr\/site\/les-cookies-et-leur-utilisation-sur-ce-site\/","name":"Les cookies et leur utilisation sur ce site - News Est Lyonnais","isPartOf":{"@id":"https:\/\/newsestlyonnais.fr\/site\/#website"},"datePublished":"2015-12-05T14:09:09+00:00","breadcrumb":{"@id":"https:\/\/newsestlyonnais.fr\/site\/les-cookies-et-leur-utilisation-sur-ce-site\/#breadcrumb"},"inLanguage":"fr-FR","potentialAction":[{"@type":"ReadAction","target":["https:\/\/newsestlyonnais.fr\/site\/les-cookies-et-leur-utilisation-sur-ce-site\/"]}]},{"@type":"BreadcrumbList","@id":"https:\/\/newsestlyonnais.fr\/site\/les-cookies-et-leur-utilisation-sur-ce-site\/#breadcrumb","itemListElement":[{"@type":"ListItem","position":1,"name":"Accueil","item":"https:\/\/newsestlyonnais.fr\/site\/"},{"@type":"ListItem","position":2,"name":"Les cookies et leur utilisation sur ce site"}]},{"@type":"WebSite","@id":"https:\/\/newsestlyonnais.fr\/site\/#website","url":"https:\/\/newsestlyonnais.fr\/site\/","name":"News Est Lyonnais","description":"L&#039;actualit\u00e9 au plus pr\u00e8s","publisher":{"@id":"https:\/\/newsestlyonnais.fr\/site\/#organization"},"potentialAction":[{"@type":"SearchAction","target":{"@type":"EntryPoint","urlTemplate":"https:\/\/newsestlyonnais.fr\/site\/?s={search_term_string}"},"query-input":{"@type":"PropertyValueSpecification","valueRequired":true,"valueName":"search_term_string"}}],"inLanguage":"fr-FR"},{"@type":"Organization","@id":"https:\/\/newsestlyonnais.fr\/site\/#organization","name":"News EST LYONNAIS","url":"https:\/\/newsestlyonnais.fr\/site\/","logo":{"@type":"ImageObject","inLanguage":"fr-FR","@id":"https:\/\/newsestlyonnais.fr\/site\/#\/schema\/logo\/image\/","url":"","contentUrl":"","caption":"News EST LYONNAIS"},"image":{"@id":"https:\/\/newsestlyonnais.fr\/site\/#\/schema\/logo\/image\/"}}]}},"_links":{"self":[{"href":"https:\/\/newsestlyonnais.fr\/site\/wp-json\/wp\/v2\/pages\/345","targetHints":{"allow":["GET"]}}],"collection":[{"href":"https:\/\/newsestlyonnais.fr\/site\/wp-json\/wp\/v2\/pages"}],"about":[{"href":"https:\/\/newsestlyonnais.fr\/site\/wp-json\/wp\/v2\/types\/page"}],"author":[{"embeddable":true,"href":"https:\/\/newsestlyonnais.fr\/site\/wp-json\/wp\/v2\/users\/3"}],"replies":[{"embeddable":true,"href":"https:\/\/newsestlyonnais.fr\/site\/wp-json\/wp\/v2\/comments?post=345"}],"version-history":[{"count":0,"href":"https:\/\/newsestlyonnais.fr\/site\/wp-json\/wp\/v2\/pages\/345\/revisions"}],"wp:attachment":[{"href":"https:\/\/newsestlyonnais.fr\/site\/wp-json\/wp\/v2\/media?parent=345"}],"curies":[{"name":"wp","href":"https:\/\/api.w.org\/{rel}","templated":true}]}}